{"id":1411,"date":"2024-11-14T09:31:27","date_gmt":"2024-11-14T09:31:27","guid":{"rendered":"https:\/\/prego.be\/nos-menus\/"},"modified":"2026-04-01T19:21:24","modified_gmt":"2026-04-01T19:21:24","slug":"onze-menus","status":"publish","type":"page","link":"https:\/\/prego.be\/nl\/onze-menus\/","title":{"rendered":"Menu"},"content":{"rendered":"","protected":false},"excerpt":{"rendered":"","protected":false},"author":3,"featured_media":0,"parent":0,"menu_order":0,"comment_status":"closed","ping_status":"closed","template":"template-builder.blade.php","meta":{"_acf_changed":false,"inline_featured_image":false,"footnotes":""},"class_list":["post-1411","page","type-page","status-publish","hentry"],"acf":[],"yoast_head":"<!-- This site is optimized with the Yoast SEO plugin v25.1 - https:\/\/yoast.com\/wordpress\/plugins\/seo\/ -->\n<title>Menu - PREGO ! Italian Traiteur<\/title>\n<meta name=\"robots\" content=\"index, follow, max-snippet:-1, max-image-preview:large, max-video-preview:-1\" \/>\n<link rel=\"canonical\" href=\"https:\/\/prego.be\/nl\/onze-menus\/\" \/>\n<meta property=\"og:locale\" content=\"nl_NL\" \/>\n<meta property=\"og:type\" content=\"article\" \/>\n<meta property=\"og:title\" content=\"Menu - PREGO ! Italian Traiteur\" \/>\n<meta property=\"og:url\" content=\"https:\/\/prego.be\/nl\/onze-menus\/\" \/>\n<meta property=\"og:site_name\" content=\"PREGO ! Italian Traiteur\" \/>\n<meta property=\"article:modified_time\" content=\"2026-04-01T19:21:24+00:00\" \/>\n<meta name=\"twitter:card\" content=\"summary_large_image\" \/>\n<script type=\"application\/ld+json\" class=\"yoast-schema-graph\">{\"@context\":\"https:\/\/schema.org\",\"@graph\":[{\"@type\":\"WebPage\",\"@id\":\"https:\/\/prego.be\/nl\/onze-menus\/\",\"url\":\"https:\/\/prego.be\/nl\/onze-menus\/\",\"name\":\"Menu - PREGO ! Italian Traiteur\",\"isPartOf\":{\"@id\":\"https:\/\/prego.be\/nl\/#website\"},\"datePublished\":\"2024-11-14T09:31:27+00:00\",\"dateModified\":\"2026-04-01T19:21:24+00:00\",\"breadcrumb\":{\"@id\":\"https:\/\/prego.be\/nl\/onze-menus\/#breadcrumb\"},\"inLanguage\":\"nl-NL\",\"potentialAction\":[{\"@type\":\"ReadAction\",\"target\":[\"https:\/\/prego.be\/nl\/onze-menus\/\"]}]},{\"@type\":\"BreadcrumbList\",\"@id\":\"https:\/\/prego.be\/nl\/onze-menus\/#breadcrumb\",\"itemListElement\":[{\"@type\":\"ListItem\",\"position\":1,\"name\":\"Home\",\"item\":\"https:\/\/prego.be\/nl\/\"},{\"@type\":\"ListItem\",\"position\":2,\"name\":\"Menu\"}]},{\"@type\":\"WebSite\",\"@id\":\"https:\/\/prego.be\/nl\/#website\",\"url\":\"https:\/\/prego.be\/nl\/\",\"name\":\"PREGO ! Italian Traiteur\",\"description\":\"Vivez l\u2019exp\u00e9rience des p\u00e2tes fra\u00eeches \u201cqualit\u00e9-restaurant\u201d install\u00e9 confortablement chez vous !\",\"publisher\":{\"@id\":\"https:\/\/prego.be\/nl\/#organization\"},\"potentialAction\":[{\"@type\":\"SearchAction\",\"target\":{\"@type\":\"EntryPoint\",\"urlTemplate\":\"https:\/\/prego.be\/nl\/?s={search_term_string}\"},\"query-input\":{\"@type\":\"PropertyValueSpecification\",\"valueRequired\":true,\"valueName\":\"search_term_string\"}}],\"inLanguage\":\"nl-NL\"},{\"@type\":\"Organization\",\"@id\":\"https:\/\/prego.be\/nl\/#organization\",\"name\":\"PREGO ! Italian Traiteur\",\"url\":\"https:\/\/prego.be\/nl\/\",\"logo\":{\"@type\":\"ImageObject\",\"inLanguage\":\"nl-NL\",\"@id\":\"https:\/\/prego.be\/nl\/#\/schema\/logo\/image\/\",\"url\":\"https:\/\/prego.be\/app\/uploads\/2023\/02\/prego-logo-header.png\",\"contentUrl\":\"https:\/\/prego.be\/app\/uploads\/2023\/02\/prego-logo-header.png\",\"width\":326,\"height\":85,\"caption\":\"PREGO ! Italian Traiteur\"},\"image\":{\"@id\":\"https:\/\/prego.be\/nl\/#\/schema\/logo\/image\/\"}}]}<\/script>\n<!-- \/ Yoast SEO plugin. -->","yoast_head_json":{"title":"Menu - PREGO ! Italian Traiteur","robots":{"index":"index","follow":"follow","max-snippet":"max-snippet:-1","max-image-preview":"max-image-preview:large","max-video-preview":"max-video-preview:-1"},"canonical":"https:\/\/prego.be\/nl\/onze-menus\/","og_locale":"nl_NL","og_type":"article","og_title":"Menu - PREGO ! Italian Traiteur","og_url":"https:\/\/prego.be\/nl\/onze-menus\/","og_site_name":"PREGO ! Italian Traiteur","article_modified_time":"2026-04-01T19:21:24+00:00","twitter_card":"summary_large_image","schema":{"@context":"https:\/\/schema.org","@graph":[{"@type":"WebPage","@id":"https:\/\/prego.be\/nl\/onze-menus\/","url":"https:\/\/prego.be\/nl\/onze-menus\/","name":"Menu - PREGO ! Italian Traiteur","isPartOf":{"@id":"https:\/\/prego.be\/nl\/#website"},"datePublished":"2024-11-14T09:31:27+00:00","dateModified":"2026-04-01T19:21:24+00:00","breadcrumb":{"@id":"https:\/\/prego.be\/nl\/onze-menus\/#breadcrumb"},"inLanguage":"nl-NL","potentialAction":[{"@type":"ReadAction","target":["https:\/\/prego.be\/nl\/onze-menus\/"]}]},{"@type":"BreadcrumbList","@id":"https:\/\/prego.be\/nl\/onze-menus\/#breadcrumb","itemListElement":[{"@type":"ListItem","position":1,"name":"Home","item":"https:\/\/prego.be\/nl\/"},{"@type":"ListItem","position":2,"name":"Menu"}]},{"@type":"WebSite","@id":"https:\/\/prego.be\/nl\/#website","url":"https:\/\/prego.be\/nl\/","name":"PREGO ! Italian Traiteur","description":"Vivez l\u2019exp\u00e9rience des p\u00e2tes fra\u00eeches \u201cqualit\u00e9-restaurant\u201d install\u00e9 confortablement chez vous !","publisher":{"@id":"https:\/\/prego.be\/nl\/#organization"},"potentialAction":[{"@type":"SearchAction","target":{"@type":"EntryPoint","urlTemplate":"https:\/\/prego.be\/nl\/?s={search_term_string}"},"query-input":{"@type":"PropertyValueSpecification","valueRequired":true,"valueName":"search_term_string"}}],"inLanguage":"nl-NL"},{"@type":"Organization","@id":"https:\/\/prego.be\/nl\/#organization","name":"PREGO ! Italian Traiteur","url":"https:\/\/prego.be\/nl\/","logo":{"@type":"ImageObject","inLanguage":"nl-NL","@id":"https:\/\/prego.be\/nl\/#\/schema\/logo\/image\/","url":"https:\/\/prego.be\/app\/uploads\/2023\/02\/prego-logo-header.png","contentUrl":"https:\/\/prego.be\/app\/uploads\/2023\/02\/prego-logo-header.png","width":326,"height":85,"caption":"PREGO ! Italian Traiteur"},"image":{"@id":"https:\/\/prego.be\/nl\/#\/schema\/logo\/image\/"}}]}},"_links":{"self":[{"href":"https:\/\/prego.be\/nl\/wp-json\/wp\/v2\/pages\/1411","targetHints":{"allow":["GET"]}}],"collection":[{"href":"https:\/\/prego.be\/nl\/wp-json\/wp\/v2\/pages"}],"about":[{"href":"https:\/\/prego.be\/nl\/wp-json\/wp\/v2\/types\/page"}],"author":[{"embeddable":true,"href":"https:\/\/prego.be\/nl\/wp-json\/wp\/v2\/users\/3"}],"replies":[{"embeddable":true,"href":"https:\/\/prego.be\/nl\/wp-json\/wp\/v2\/comments?post=1411"}],"version-history":[{"count":7,"href":"https:\/\/prego.be\/nl\/wp-json\/wp\/v2\/pages\/1411\/revisions"}],"predecessor-version":[{"id":1780,"href":"https:\/\/prego.be\/nl\/wp-json\/wp\/v2\/pages\/1411\/revisions\/1780"}],"wp:attachment":[{"href":"https:\/\/prego.be\/nl\/wp-json\/wp\/v2\/media?parent=1411"}],"curies":[{"name":"wp","href":"https:\/\/api.w.org\/{rel}","templated":true}]}}