{"id":846,"date":"2023-02-23T13:21:13","date_gmt":"2023-02-23T13:21:13","guid":{"rendered":"https:\/\/prego.be\/politique-de-confidentialite\/"},"modified":"2023-04-03T11:41:52","modified_gmt":"2023-04-03T11:41:52","slug":"privacybeleid","status":"publish","type":"page","link":"https:\/\/prego.be\/nl\/privacybeleid\/","title":{"rendered":"Privacybeleid"},"content":{"rendered":"<p>Uw persoonsgegevens worden verwerkt door PREGO SHOP<\/p>\n<p>Contacteer ons op:<\/p>\n<p>Adres: Chauss\u00e9e de Bruxelles, 135A &#8211; 1310 La Hulpe<\/p>\n<p>E-mailadres van de vertegenwoordiger voor de gegevensbescherming: info@prego.be<\/p>\n<p>&nbsp;<\/p>\n<h4>Waartoe gebruiken we uw persoonsgegevens en wat is de wettelijke basis van deze gegevensverwerking?<\/h4>\n<p>PREGO SHOP kan uw persoonsgegevens verwerken voor de volgende doeleinden:<\/p>\n<ul>\n<li aria-level=\"1\">Om u van verschillende informatie te voorzien of om u bepaalde diensten te verlenen (het versturen van nieuwsbrieven, white papers, gepersonaliseerde aanbiedingen, prijsvragen, promotie-aanbiedingen)<\/li>\n<\/ul>\n<p>&nbsp;<\/p>\n<h4>De ontvangers van uw persoonsgegevens<\/h4>\n<p>Uw persoonsgegevens worden bewaard door PREGO SHOP. Het is echter ook waarschijnlijk dat ze alleen op ons verzoek aan onze werknemers of aan leveranciers worden gecommuniceerd, op verzoek van ons, volgens onze instructies en behalve voor ander gebruik.<\/p>\n<p>&nbsp;<\/p>\n<h4>Overdracht van persoonsgegevens buiten de Europese Unie<\/h4>\n<p>Persoonsgegevens kunnen alleen buiten de Europese Unie worden doorgegeven aan landen die een gegevensbeschermingsbeleid aanvragen dat overeenkomt met het geldende beleid binnen de Europese Unie.<\/p>\n<h4>De duur van opslag en verwijdering van uw persoonlijke gegevens<\/h4>\n<p>De verzamelde persoonsgegevens worden bewaard voor de tijd die nodig is om de doelstellingen te bereiken. Zodra de doelstellingen zijn bereikt, worden ze verwijderd of anoniem gemaakt.<\/p>\n<h4>De bescherming van uw persoonlijke gegevens<\/h4>\n<p>&nbsp;<\/p>\n<p>PREGO SHOP heeft technische en organisatorische maatregelen getroffen om de persoonsgegevens die u ons verschaft, te beschermen tegen elke niet-geautoriseerde toegang of elk niet-geautoriseerd gebruik. Uw persoonsgegevens worden op een vertrouwelijke manier verwerkt en enkel door de mensen die nodig zijn om het vereiste doel te bereiken.<\/p>\n<p>Merk echter op dat geen enkele gegevensoverdracht via het internet 100% veilig is en dat alle online gedeelde informatie mogelijk onderschept en gebruikt kan worden door personen anders dan de beoogde ontvanger.<\/p>\n<p>PREGO SHOP zal elke eventuele schending van persoonsgegevens doorgeven aan de Gegevensbeschermingsautoriteit conform de AVG.<\/p>\n<p>&nbsp;<\/p>\n<h4>Uw rechten met betrekking tot uw persoonlijke gegevens<\/h4>\n<p>De algemene verordening gegevensbescherming (AVG), die in mei 2018 in Belgi\u00eb van kracht werd, bepaalt dat u bij het gebruik van uw persoonsgegevens te allen tijde bepaalde rechten heeft:<\/p>\n<ul>\n<li aria-level=\"1\">Recht op verwijdering van uw gegevens<\/li>\n<li aria-level=\"1\">Recht op de overdraagbaarheid van uw gegevens<\/li>\n<li aria-level=\"1\">Recht op toegang tot uw gegevens<\/li>\n<li aria-level=\"1\">Recht op rectificatie van uw gegevens<\/li>\n<li aria-level=\"1\">Recht op bezwaar<\/li>\n<\/ul>\n","protected":false},"excerpt":{"rendered":"<p>Uw persoonsgegevens worden verwerkt door PREGO SHOP Contacteer ons op: Adres: Chauss\u00e9e de Bruxelles, 135A &#8211; 1310 La Hulpe E-mailadres van de vertegenwoordiger voor de gegevensbescherming: info@prego.be &nbsp; Waartoe gebruiken we uw persoonsgegevens en wat is de wettelijke basis van deze gegevensverwerking? PREGO SHOP kan uw persoonsgegevens verwerken voor de volgende doeleinden: Om u van &hellip; <a href=\"https:\/\/prego.be\/nl\/privacybeleid\/\">Continued<\/a><\/p>\n","protected":false},"author":1,"featured_media":0,"parent":0,"menu_order":0,"comment_status":"closed","ping_status":"closed","template":"","meta":{"_acf_changed":false,"inline_featured_image":false,"footnotes":""},"class_list":["post-846","page","type-page","status-publish","hentry"],"acf":[],"yoast_head":"<!-- This site is optimized with the Yoast SEO plugin v25.1 - https:\/\/yoast.com\/wordpress\/plugins\/seo\/ -->\n<title>Privacybeleid - PREGO ! Italian Traiteur<\/title>\n<meta name=\"robots\" content=\"index, follow, max-snippet:-1, max-image-preview:large, max-video-preview:-1\" \/>\n<link rel=\"canonical\" href=\"https:\/\/prego.be\/nl\/privacybeleid\/\" \/>\n<meta property=\"og:locale\" content=\"nl_NL\" \/>\n<meta property=\"og:type\" content=\"article\" \/>\n<meta property=\"og:title\" content=\"Privacybeleid - PREGO ! Italian Traiteur\" \/>\n<meta property=\"og:description\" content=\"Uw persoonsgegevens worden verwerkt door PREGO SHOP Contacteer ons op: Adres: Chauss\u00e9e de Bruxelles, 135A &#8211; 1310 La Hulpe E-mailadres van de vertegenwoordiger voor de gegevensbescherming: info@prego.be &nbsp; Waartoe gebruiken we uw persoonsgegevens en wat is de wettelijke basis van deze gegevensverwerking? PREGO SHOP kan uw persoonsgegevens verwerken voor de volgende doeleinden: Om u van &hellip; Continued\" \/>\n<meta property=\"og:url\" content=\"https:\/\/prego.be\/nl\/privacybeleid\/\" \/>\n<meta property=\"og:site_name\" content=\"PREGO ! Italian Traiteur\" \/>\n<meta property=\"article:modified_time\" content=\"2023-04-03T11:41:52+00:00\" \/>\n<meta name=\"twitter:card\" content=\"summary_large_image\" \/>\n<meta name=\"twitter:label1\" content=\"Est. reading time\" \/>\n\t<meta name=\"twitter:data1\" content=\"2 minutes\" \/>\n<script type=\"application\/ld+json\" class=\"yoast-schema-graph\">{\"@context\":\"https:\/\/schema.org\",\"@graph\":[{\"@type\":\"WebPage\",\"@id\":\"https:\/\/prego.be\/nl\/privacybeleid\/\",\"url\":\"https:\/\/prego.be\/nl\/privacybeleid\/\",\"name\":\"Privacybeleid - PREGO ! Italian Traiteur\",\"isPartOf\":{\"@id\":\"https:\/\/prego.be\/nl\/#website\"},\"datePublished\":\"2023-02-23T13:21:13+00:00\",\"dateModified\":\"2023-04-03T11:41:52+00:00\",\"breadcrumb\":{\"@id\":\"https:\/\/prego.be\/nl\/privacybeleid\/#breadcrumb\"},\"inLanguage\":\"nl-NL\",\"potentialAction\":[{\"@type\":\"ReadAction\",\"target\":[\"https:\/\/prego.be\/nl\/privacybeleid\/\"]}]},{\"@type\":\"BreadcrumbList\",\"@id\":\"https:\/\/prego.be\/nl\/privacybeleid\/#breadcrumb\",\"itemListElement\":[{\"@type\":\"ListItem\",\"position\":1,\"name\":\"Home\",\"item\":\"https:\/\/prego.be\/nl\/\"},{\"@type\":\"ListItem\",\"position\":2,\"name\":\"Privacybeleid\"}]},{\"@type\":\"WebSite\",\"@id\":\"https:\/\/prego.be\/nl\/#website\",\"url\":\"https:\/\/prego.be\/nl\/\",\"name\":\"PREGO ! Italian Traiteur\",\"description\":\"Vivez l\u2019exp\u00e9rience des p\u00e2tes fra\u00eeches \u201cqualit\u00e9-restaurant\u201d install\u00e9 confortablement chez vous !\",\"publisher\":{\"@id\":\"https:\/\/prego.be\/nl\/#organization\"},\"potentialAction\":[{\"@type\":\"SearchAction\",\"target\":{\"@type\":\"EntryPoint\",\"urlTemplate\":\"https:\/\/prego.be\/nl\/?s={search_term_string}\"},\"query-input\":{\"@type\":\"PropertyValueSpecification\",\"valueRequired\":true,\"valueName\":\"search_term_string\"}}],\"inLanguage\":\"nl-NL\"},{\"@type\":\"Organization\",\"@id\":\"https:\/\/prego.be\/nl\/#organization\",\"name\":\"PREGO ! Italian Traiteur\",\"url\":\"https:\/\/prego.be\/nl\/\",\"logo\":{\"@type\":\"ImageObject\",\"inLanguage\":\"nl-NL\",\"@id\":\"https:\/\/prego.be\/nl\/#\/schema\/logo\/image\/\",\"url\":\"https:\/\/prego.be\/app\/uploads\/2023\/02\/prego-logo-header.png\",\"contentUrl\":\"https:\/\/prego.be\/app\/uploads\/2023\/02\/prego-logo-header.png\",\"width\":326,\"height\":85,\"caption\":\"PREGO ! Italian Traiteur\"},\"image\":{\"@id\":\"https:\/\/prego.be\/nl\/#\/schema\/logo\/image\/\"}}]}<\/script>\n<!-- \/ Yoast SEO plugin. -->","yoast_head_json":{"title":"Privacybeleid - PREGO ! Italian Traiteur","robots":{"index":"index","follow":"follow","max-snippet":"max-snippet:-1","max-image-preview":"max-image-preview:large","max-video-preview":"max-video-preview:-1"},"canonical":"https:\/\/prego.be\/nl\/privacybeleid\/","og_locale":"nl_NL","og_type":"article","og_title":"Privacybeleid - PREGO ! Italian Traiteur","og_description":"Uw persoonsgegevens worden verwerkt door PREGO SHOP Contacteer ons op: Adres: Chauss\u00e9e de Bruxelles, 135A &#8211; 1310 La Hulpe E-mailadres van de vertegenwoordiger voor de gegevensbescherming: info@prego.be &nbsp; Waartoe gebruiken we uw persoonsgegevens en wat is de wettelijke basis van deze gegevensverwerking? PREGO SHOP kan uw persoonsgegevens verwerken voor de volgende doeleinden: Om u van &hellip; Continued","og_url":"https:\/\/prego.be\/nl\/privacybeleid\/","og_site_name":"PREGO ! Italian Traiteur","article_modified_time":"2023-04-03T11:41:52+00:00","twitter_card":"summary_large_image","twitter_misc":{"Est. reading time":"2 minutes"},"schema":{"@context":"https:\/\/schema.org","@graph":[{"@type":"WebPage","@id":"https:\/\/prego.be\/nl\/privacybeleid\/","url":"https:\/\/prego.be\/nl\/privacybeleid\/","name":"Privacybeleid - PREGO ! Italian Traiteur","isPartOf":{"@id":"https:\/\/prego.be\/nl\/#website"},"datePublished":"2023-02-23T13:21:13+00:00","dateModified":"2023-04-03T11:41:52+00:00","breadcrumb":{"@id":"https:\/\/prego.be\/nl\/privacybeleid\/#breadcrumb"},"inLanguage":"nl-NL","potentialAction":[{"@type":"ReadAction","target":["https:\/\/prego.be\/nl\/privacybeleid\/"]}]},{"@type":"BreadcrumbList","@id":"https:\/\/prego.be\/nl\/privacybeleid\/#breadcrumb","itemListElement":[{"@type":"ListItem","position":1,"name":"Home","item":"https:\/\/prego.be\/nl\/"},{"@type":"ListItem","position":2,"name":"Privacybeleid"}]},{"@type":"WebSite","@id":"https:\/\/prego.be\/nl\/#website","url":"https:\/\/prego.be\/nl\/","name":"PREGO ! Italian Traiteur","description":"Vivez l\u2019exp\u00e9rience des p\u00e2tes fra\u00eeches \u201cqualit\u00e9-restaurant\u201d install\u00e9 confortablement chez vous !","publisher":{"@id":"https:\/\/prego.be\/nl\/#organization"},"potentialAction":[{"@type":"SearchAction","target":{"@type":"EntryPoint","urlTemplate":"https:\/\/prego.be\/nl\/?s={search_term_string}"},"query-input":{"@type":"PropertyValueSpecification","valueRequired":true,"valueName":"search_term_string"}}],"inLanguage":"nl-NL"},{"@type":"Organization","@id":"https:\/\/prego.be\/nl\/#organization","name":"PREGO ! Italian Traiteur","url":"https:\/\/prego.be\/nl\/","logo":{"@type":"ImageObject","inLanguage":"nl-NL","@id":"https:\/\/prego.be\/nl\/#\/schema\/logo\/image\/","url":"https:\/\/prego.be\/app\/uploads\/2023\/02\/prego-logo-header.png","contentUrl":"https:\/\/prego.be\/app\/uploads\/2023\/02\/prego-logo-header.png","width":326,"height":85,"caption":"PREGO ! Italian Traiteur"},"image":{"@id":"https:\/\/prego.be\/nl\/#\/schema\/logo\/image\/"}}]}},"_links":{"self":[{"href":"https:\/\/prego.be\/nl\/wp-json\/wp\/v2\/pages\/846","targetHints":{"allow":["GET"]}}],"collection":[{"href":"https:\/\/prego.be\/nl\/wp-json\/wp\/v2\/pages"}],"about":[{"href":"https:\/\/prego.be\/nl\/wp-json\/wp\/v2\/types\/page"}],"author":[{"embeddable":true,"href":"https:\/\/prego.be\/nl\/wp-json\/wp\/v2\/users\/1"}],"replies":[{"embeddable":true,"href":"https:\/\/prego.be\/nl\/wp-json\/wp\/v2\/comments?post=846"}],"version-history":[{"count":0,"href":"https:\/\/prego.be\/nl\/wp-json\/wp\/v2\/pages\/846\/revisions"}],"wp:attachment":[{"href":"https:\/\/prego.be\/nl\/wp-json\/wp\/v2\/media?parent=846"}],"curies":[{"name":"wp","href":"https:\/\/api.w.org\/{rel}","templated":true}]}}